{"id":350,"date":"2018-11-11T20:10:26","date_gmt":"2018-11-11T19:10:26","guid":{"rendered":"http:\/\/thewinefactory.fr\/?page_id=350"},"modified":"2020-05-10T11:21:11","modified_gmt":"2020-05-10T09:21:11","slug":"thes-boissons-chaudes","status":"publish","type":"page","link":"https:\/\/thewinefactory.fr\/index.php\/thes-boissons-chaudes\/","title":{"rendered":"THES &#038; BOISSONS CHAUDES"},"content":{"rendered":"\t\t<div data-elementor-type=\"wp-page\" data-elementor-id=\"350\" class=\"elementor elementor-350\" data-elementor-settings=\"[]\">\n\t\t\t\t\t\t<div class=\"elementor-inner\">\n\t\t\t\t\t\t\t<div class=\"elementor-section-wrap\">\n\t\t\t\t\t\t\t<section class=\"elementor-section elementor-top-section elementor-element elementor-element-daf3838 elementor-section-boxed elementor-section-height-default elementor-section-height-default\" data-id=\"daf3838\" data-element_type=\"section\">\n\t\t\t\t\t\t<div class=\"elementor-container elementor-column-gap-default\">\n\t\t\t\t\t\t\t<div class=\"elementor-row\">\n\t\t\t\t\t<div class=\"elementor-column elementor-col-100 elementor-top-column elementor-element elementor-element-bfdf83c\" data-id=\"bfdf83c\" data-element_type=\"column\">\n\t\t\t<div class=\"elementor-column-wrap elementor-element-populated\">\n\t\t\t\t\t\t\t<div class=\"elementor-widget-wrap\">\n\t\t\t\t\t\t<section class=\"elementor-section elementor-inner-section elementor-element elementor-element-a24c02c elementor-section-boxed elementor-section-height-default elementor-section-height-default\" data-id=\"a24c02c\" data-element_type=\"section\">\n\t\t\t\t\t\t<div class=\"elementor-container elementor-column-gap-default\">\n\t\t\t\t\t\t\t<div class=\"elementor-row\">\n\t\t\t\t\t<div class=\"elementor-column elementor-col-50 elementor-inner-column elementor-element elementor-element-b810a85\" data-id=\"b810a85\" data-element_type=\"column\">\n\t\t\t<div class=\"elementor-column-wrap elementor-element-populated\">\n\t\t\t\t\t\t\t<div class=\"elementor-widget-wrap\">\n\t\t\t\t\t\t<div class=\"elementor-element elementor-element-b86c0f4 elementor-widget elementor-widget-image\" data-id=\"b86c0f4\" data-element_type=\"widget\" data-widget_type=\"image.default\">\n\t\t\t\t<div class=\"elementor-widget-container\">\n\t\t\t\t\t<div class=\"elementor-image\">\n\t\t\t\t\t\t\t\t\t\t<img loading=\"lazy\" decoding=\"async\" width=\"525\" height=\"420\" src=\"https:\/\/thewinefactory.fr\/wp-content\/uploads\/2018\/08\/DSC3038-1024x819.jpg\" class=\"attachment-large size-large\" alt=\"\" srcset=\"https:\/\/thewinefactory.fr\/wp-content\/uploads\/2018\/08\/DSC3038.jpg 1024w, https:\/\/thewinefactory.fr\/wp-content\/uploads\/2018\/08\/DSC3038-300x240.jpg 300w, https:\/\/thewinefactory.fr\/wp-content\/uploads\/2018\/08\/DSC3038-768x614.jpg 768w\" sizes=\"100vw\" \/>\t\t\t\t\t\t\t\t\t\t\t<\/div>\n\t\t\t\t<\/div>\n\t\t\t\t<\/div>\n\t\t\t\t\t\t<\/div>\n\t\t\t\t\t<\/div>\n\t\t<\/div>\n\t\t\t\t<div class=\"elementor-column elementor-col-50 elementor-inner-column elementor-element elementor-element-ff4c063\" data-id=\"ff4c063\" data-element_type=\"column\">\n\t\t\t<div class=\"elementor-column-wrap elementor-element-populated\">\n\t\t\t\t\t\t\t<div class=\"elementor-widget-wrap\">\n\t\t\t\t\t\t<div class=\"elementor-element elementor-element-d12457f elementor-widget elementor-widget-text-editor\" data-id=\"d12457f\" data-element_type=\"widget\" data-widget_type=\"text-editor.default\">\n\t\t\t\t<div class=\"elementor-widget-container\">\n\t\t\t\t\t<div class=\"elementor-text-editor elementor-clearfix\"><p>S\u00e9lection de th\u00e9s et infusions de la marque Dammann, ainsi que chocolat chaud, chocolat viennois, sauront vous r\u00e9conforter apr\u00e8s une journ\u00e9e pass\u00e9e au grand air.<\/p><\/div>\n\t\t\t\t<\/div>\n\t\t\t\t<\/div>\n\t\t\t\t\t\t<\/div>\n\t\t\t\t\t<\/div>\n\t\t<\/div>\n\t\t\t\t\t\t\t\t<\/div>\n\t\t\t\t\t<\/div>\n\t\t<\/section>\n\t\t\t\t\t\t<\/div>\n\t\t\t\t\t<\/div>\n\t\t<\/div>\n\t\t\t\t\t\t\t\t<\/div>\n\t\t\t\t\t<\/div>\n\t\t<\/section>\n\t\t\t\t\t\t<\/div>\n\t\t\t\t\t\t<\/div>\n\t\t\t\t\t<\/div>\n\t\t","protected":false},"excerpt":{"rendered":"<p>S\u00e9lection de th\u00e9s et infusions de la marque Dammann, ainsi que chocolat chaud, chocolat viennois, sauront vous r\u00e9conforter apr\u00e8s une journ\u00e9e pass\u00e9e au grand air.<\/p>\n","protected":false},"author":1,"featured_media":0,"parent":0,"menu_order":0,"comment_status":"closed","ping_status":"closed","template":"","meta":{"footnotes":""},"_links":{"self":[{"href":"https:\/\/thewinefactory.fr\/index.php\/wp-json\/wp\/v2\/pages\/350"}],"collection":[{"href":"https:\/\/thewinefactory.fr\/index.php\/wp-json\/wp\/v2\/pages"}],"about":[{"href":"https:\/\/thewinefactory.fr\/index.php\/wp-json\/wp\/v2\/types\/page"}],"author":[{"embeddable":true,"href":"https:\/\/thewinefactory.fr\/index.php\/wp-json\/wp\/v2\/users\/1"}],"replies":[{"embeddable":true,"href":"https:\/\/thewinefactory.fr\/index.php\/wp-json\/wp\/v2\/comments?post=350"}],"version-history":[{"count":5,"href":"https:\/\/thewinefactory.fr\/index.php\/wp-json\/wp\/v2\/pages\/350\/revisions"}],"predecessor-version":[{"id":630,"href":"https:\/\/thewinefactory.fr\/index.php\/wp-json\/wp\/v2\/pages\/350\/revisions\/630"}],"wp:attachment":[{"href":"https:\/\/thewinefactory.fr\/index.php\/wp-json\/wp\/v2\/media?parent=350"}],"curies":[{"name":"wp","href":"https:\/\/api.w.org\/{rel}","templated":true}]}}