{"id":241,"date":"2018-08-11T22:05:25","date_gmt":"2018-08-11T20:05:25","guid":{"rendered":"http:\/\/thewinefactory.fr\/?page_id=241"},"modified":"2020-05-10T13:31:05","modified_gmt":"2020-05-10T11:31:05","slug":"evenements","status":"publish","type":"page","link":"https:\/\/thewinefactory.fr\/index.php\/evenements\/","title":{"rendered":"EVENEMENTS"},"content":{"rendered":"\t\t<div data-elementor-type=\"wp-page\" data-elementor-id=\"241\" class=\"elementor elementor-241\" data-elementor-settings=\"[]\">\n\t\t\t\t\t\t<div class=\"elementor-inner\">\n\t\t\t\t\t\t\t<div class=\"elementor-section-wrap\">\n\t\t\t\t\t\t\t<section class=\"elementor-section elementor-top-section elementor-element elementor-element-18da6c5d elementor-section-boxed elementor-section-height-default elementor-section-height-default\" data-id=\"18da6c5d\" data-element_type=\"section\">\n\t\t\t\t\t\t<div class=\"elementor-container elementor-column-gap-default\">\n\t\t\t\t\t\t\t<div class=\"elementor-row\">\n\t\t\t\t\t<div class=\"elementor-column elementor-col-100 elementor-top-column elementor-element elementor-element-78c583e8\" data-id=\"78c583e8\" data-element_type=\"column\">\n\t\t\t<div class=\"elementor-column-wrap elementor-element-populated\">\n\t\t\t\t\t\t\t<div class=\"elementor-widget-wrap\">\n\t\t\t\t\t\t<div class=\"elementor-element elementor-element-23b72f1a elementor-widget elementor-widget-text-editor\" data-id=\"23b72f1a\" data-element_type=\"widget\" data-widget_type=\"text-editor.default\">\n\t\t\t\t<div class=\"elementor-widget-container\">\n\t\t\t\t\t<div class=\"elementor-text-editor elementor-clearfix\"><p>Nous sommes \u00e0 votre \u00e9coute pour r\u00e9aliser vos soir\u00e9es ou votre \u00e9v\u00e9nement d\u2019entreprise sur mesure\u00a0:<\/p><p style=\"text-align: center;\">\u00a0Soir\u00e9e d\u2019entreprise et Invitation Client<\/p><p style=\"text-align: center;\">After-Work et Team Building<\/p><p style=\"text-align: center;\">Ap\u00e9ritif D\u00e9jeunatoire<\/p><p style=\"text-align: center;\">Ev\u00e8nement familialle<\/p><p>N\u2019h\u00e9sitez pas \u00e0 nous contacter par mail\u00a0: <a href=\"mailto:TheWineFactroy@outlook.fr\">TheWineFactory@outlook.fr<\/a> ou au 06 62 66 12 82 ou \u00e0 venir nous rencontrer sur place.<\/p><\/div>\n\t\t\t\t<\/div>\n\t\t\t\t<\/div>\n\t\t\t\t\t\t<\/div>\n\t\t\t\t\t<\/div>\n\t\t<\/div>\n\t\t\t\t\t\t\t\t<\/div>\n\t\t\t\t\t<\/div>\n\t\t<\/section>\n\t\t\t\t\t\t<\/div>\n\t\t\t\t\t\t<\/div>\n\t\t\t\t\t<\/div>\n\t\t","protected":false},"excerpt":{"rendered":"<p>Nous sommes \u00e0 votre \u00e9coute pour r\u00e9aliser vos soir\u00e9es ou votre \u00e9v\u00e9nement d\u2019entreprise sur mesure\u00a0: \u00a0Soir\u00e9e d\u2019entreprise et Invitation Client After-Work et Team Building Ap\u00e9ritif D\u00e9jeunatoire Ev\u00e8nement familialle N\u2019h\u00e9sitez pas \u00e0 nous contacter par mail\u00a0: TheWineFactory@outlook.fr ou au 06 62 66 12 82 ou \u00e0 venir nous rencontrer sur place.<\/p>\n","protected":false},"author":1,"featured_media":0,"parent":0,"menu_order":0,"comment_status":"closed","ping_status":"closed","template":"","meta":{"footnotes":""},"_links":{"self":[{"href":"https:\/\/thewinefactory.fr\/index.php\/wp-json\/wp\/v2\/pages\/241"}],"collection":[{"href":"https:\/\/thewinefactory.fr\/index.php\/wp-json\/wp\/v2\/pages"}],"about":[{"href":"https:\/\/thewinefactory.fr\/index.php\/wp-json\/wp\/v2\/types\/page"}],"author":[{"embeddable":true,"href":"https:\/\/thewinefactory.fr\/index.php\/wp-json\/wp\/v2\/users\/1"}],"replies":[{"embeddable":true,"href":"https:\/\/thewinefactory.fr\/index.php\/wp-json\/wp\/v2\/comments?post=241"}],"version-history":[{"count":9,"href":"https:\/\/thewinefactory.fr\/index.php\/wp-json\/wp\/v2\/pages\/241\/revisions"}],"predecessor-version":[{"id":669,"href":"https:\/\/thewinefactory.fr\/index.php\/wp-json\/wp\/v2\/pages\/241\/revisions\/669"}],"wp:attachment":[{"href":"https:\/\/thewinefactory.fr\/index.php\/wp-json\/wp\/v2\/media?parent=241"}],"curies":[{"name":"wp","href":"https:\/\/api.w.org\/{rel}","templated":true}]}}