{"id":240,"date":"2018-08-11T22:05:25","date_gmt":"2018-08-11T20:05:25","guid":{"rendered":"http:\/\/thewinefactory.fr\/?page_id=240"},"modified":"2020-05-10T11:28:39","modified_gmt":"2020-05-10T09:28:39","slug":"caviste","status":"publish","type":"page","link":"https:\/\/thewinefactory.fr\/index.php\/caviste\/","title":{"rendered":"CAVISTE"},"content":{"rendered":"\t\t<div data-elementor-type=\"wp-page\" data-elementor-id=\"240\" class=\"elementor elementor-240\" data-elementor-settings=\"[]\">\n\t\t\t\t\t\t<div class=\"elementor-inner\">\n\t\t\t\t\t\t\t<div class=\"elementor-section-wrap\">\n\t\t\t\t\t\t\t<section class=\"elementor-section elementor-top-section elementor-element elementor-element-01bf0e9 elementor-section-boxed elementor-section-height-default elementor-section-height-default\" data-id=\"01bf0e9\" data-element_type=\"section\">\n\t\t\t\t\t\t<div class=\"elementor-container elementor-column-gap-default\">\n\t\t\t\t\t\t\t<div class=\"elementor-row\">\n\t\t\t\t\t<div class=\"elementor-column elementor-col-100 elementor-top-column elementor-element elementor-element-ae69c29\" data-id=\"ae69c29\" data-element_type=\"column\">\n\t\t\t<div class=\"elementor-column-wrap elementor-element-populated\">\n\t\t\t\t\t\t\t<div class=\"elementor-widget-wrap\">\n\t\t\t\t\t\t<section class=\"elementor-section elementor-inner-section elementor-element elementor-element-19049ba elementor-section-boxed elementor-section-height-default elementor-section-height-default\" data-id=\"19049ba\" data-element_type=\"section\">\n\t\t\t\t\t\t<div class=\"elementor-container elementor-column-gap-default\">\n\t\t\t\t\t\t\t<div class=\"elementor-row\">\n\t\t\t\t\t<div class=\"elementor-column elementor-col-50 elementor-inner-column elementor-element elementor-element-edda122\" data-id=\"edda122\" data-element_type=\"column\">\n\t\t\t<div class=\"elementor-column-wrap elementor-element-populated\">\n\t\t\t\t\t\t\t<div class=\"elementor-widget-wrap\">\n\t\t\t\t\t\t<div class=\"elementor-element elementor-element-9976db4 elementor-widget elementor-widget-text-editor\" data-id=\"9976db4\" data-element_type=\"widget\" data-widget_type=\"text-editor.default\">\n\t\t\t\t<div class=\"elementor-widget-container\">\n\t\t\t\t\t<div class=\"elementor-text-editor elementor-clearfix\"><p>Vous recherchez une bouteille pour accompagner un d\u00eener entre amis ou un \u00e9v\u00e9nement\u00a0 \u00e0 f\u00eater en famille, Valentine vous accompagnera dans votre recherche selon votre go\u00fbt ou celui de vos invit\u00e9s.<\/p><p>Si vous projetez la pr\u00e9paration d&#8217;un plat particulier n&#8217;h\u00e9sitez \u00e0 nous demander conseil pour votre association Mets et Vins.<\/p><\/div>\n\t\t\t\t<\/div>\n\t\t\t\t<\/div>\n\t\t\t\t\t\t<\/div>\n\t\t\t\t\t<\/div>\n\t\t<\/div>\n\t\t\t\t<div class=\"elementor-column elementor-col-50 elementor-inner-column elementor-element elementor-element-0258c8c\" data-id=\"0258c8c\" data-element_type=\"column\">\n\t\t\t<div class=\"elementor-column-wrap elementor-element-populated\">\n\t\t\t\t\t\t\t<div class=\"elementor-widget-wrap\">\n\t\t\t\t\t\t<div class=\"elementor-element elementor-element-f96fe75 elementor-widget elementor-widget-image\" data-id=\"f96fe75\" data-element_type=\"widget\" data-widget_type=\"image.default\">\n\t\t\t\t<div class=\"elementor-widget-container\">\n\t\t\t\t\t<div class=\"elementor-image\">\n\t\t\t\t\t\t\t\t\t\t<img loading=\"lazy\" decoding=\"async\" width=\"525\" height=\"420\" src=\"https:\/\/thewinefactory.fr\/wp-content\/uploads\/2018\/08\/DSC2970-1024x819.jpg\" class=\"attachment-large size-large\" alt=\"\" srcset=\"https:\/\/thewinefactory.fr\/wp-content\/uploads\/2018\/08\/DSC2970.jpg 1024w, https:\/\/thewinefactory.fr\/wp-content\/uploads\/2018\/08\/DSC2970-300x240.jpg 300w, https:\/\/thewinefactory.fr\/wp-content\/uploads\/2018\/08\/DSC2970-768x614.jpg 768w\" sizes=\"100vw\" \/>\t\t\t\t\t\t\t\t\t\t\t<\/div>\n\t\t\t\t<\/div>\n\t\t\t\t<\/div>\n\t\t\t\t\t\t<\/div>\n\t\t\t\t\t<\/div>\n\t\t<\/div>\n\t\t\t\t\t\t\t\t<\/div>\n\t\t\t\t\t<\/div>\n\t\t<\/section>\n\t\t\t\t\t\t<\/div>\n\t\t\t\t\t<\/div>\n\t\t<\/div>\n\t\t\t\t\t\t\t\t<\/div>\n\t\t\t\t\t<\/div>\n\t\t<\/section>\n\t\t\t\t<section class=\"elementor-section elementor-top-section elementor-element elementor-element-e80dc25 elementor-section-boxed elementor-section-height-default elementor-section-height-default\" data-id=\"e80dc25\" data-element_type=\"section\">\n\t\t\t\t\t\t<div class=\"elementor-container elementor-column-gap-default\">\n\t\t\t\t\t\t\t<div class=\"elementor-row\">\n\t\t\t\t\t<div class=\"elementor-column elementor-col-100 elementor-top-column elementor-element elementor-element-f9ea741\" data-id=\"f9ea741\" data-element_type=\"column\">\n\t\t\t<div class=\"elementor-column-wrap elementor-element-populated\">\n\t\t\t\t\t\t\t<div class=\"elementor-widget-wrap\">\n\t\t\t\t\t\t<div class=\"elementor-element elementor-element-fe281c6 elementor-widget elementor-widget-text-editor\" data-id=\"fe281c6\" data-element_type=\"widget\" data-widget_type=\"text-editor.default\">\n\t\t\t\t<div class=\"elementor-widget-container\">\n\t\t\t\t\t<div class=\"elementor-text-editor elementor-clearfix\"><p>Un accent est mis en particulier sur les vins sans sulfite, sur la recherche de vins issues de l&#8217;agriculture Biologique, en conversion vers la Biodynamie\u00a0 ou des vins dits &#8220;Nature&#8221;. Ces derniers plus difficile \u00e0 aborder d\u00e9clenche une position tr\u00e8s tranch\u00e9e:\u00a0 on adore ou on d\u00e9teste !<\/p><p>Notre d\u00e9marche est une alternative \u00e0 l&#8217;univers de grandes consommations. <\/p><\/div>\n\t\t\t\t<\/div>\n\t\t\t\t<\/div>\n\t\t\t\t\t\t<\/div>\n\t\t\t\t\t<\/div>\n\t\t<\/div>\n\t\t\t\t\t\t\t\t<\/div>\n\t\t\t\t\t<\/div>\n\t\t<\/section>\n\t\t\t\t\t\t<\/div>\n\t\t\t\t\t\t<\/div>\n\t\t\t\t\t<\/div>\n\t\t","protected":false},"excerpt":{"rendered":"<p>Vous recherchez une bouteille pour accompagner un d\u00eener entre amis ou un \u00e9v\u00e9nement\u00a0 \u00e0 f\u00eater en famille, Valentine vous accompagnera dans votre recherche selon votre go\u00fbt ou celui de vos invit\u00e9s. Si vous projetez la pr\u00e9paration d&#8217;un plat particulier n&#8217;h\u00e9sitez \u00e0 nous demander conseil pour votre association Mets et Vins. Un accent est mis en &hellip; <\/p>\n<p class=\"link-more\"><a href=\"https:\/\/thewinefactory.fr\/index.php\/caviste\/\" class=\"more-link\">Continue reading<span class=\"screen-reader-text\"> &#8220;CAVISTE&#8221;<\/span><\/a><\/p>\n","protected":false},"author":1,"featured_media":0,"parent":0,"menu_order":4,"comment_status":"closed","ping_status":"closed","template":"","meta":{"footnotes":""},"_links":{"self":[{"href":"https:\/\/thewinefactory.fr\/index.php\/wp-json\/wp\/v2\/pages\/240"}],"collection":[{"href":"https:\/\/thewinefactory.fr\/index.php\/wp-json\/wp\/v2\/pages"}],"about":[{"href":"https:\/\/thewinefactory.fr\/index.php\/wp-json\/wp\/v2\/types\/page"}],"author":[{"embeddable":true,"href":"https:\/\/thewinefactory.fr\/index.php\/wp-json\/wp\/v2\/users\/1"}],"replies":[{"embeddable":true,"href":"https:\/\/thewinefactory.fr\/index.php\/wp-json\/wp\/v2\/comments?post=240"}],"version-history":[{"count":9,"href":"https:\/\/thewinefactory.fr\/index.php\/wp-json\/wp\/v2\/pages\/240\/revisions"}],"predecessor-version":[{"id":632,"href":"https:\/\/thewinefactory.fr\/index.php\/wp-json\/wp\/v2\/pages\/240\/revisions\/632"}],"wp:attachment":[{"href":"https:\/\/thewinefactory.fr\/index.php\/wp-json\/wp\/v2\/media?parent=240"}],"curies":[{"name":"wp","href":"https:\/\/api.w.org\/{rel}","templated":true}]}}