{"id":238,"date":"2018-08-11T22:05:25","date_gmt":"2018-08-11T20:05:25","guid":{"rendered":"http:\/\/thewinefactory.fr\/?page_id=238"},"modified":"2020-05-10T12:56:05","modified_gmt":"2020-05-10T10:56:05","slug":"nos-produits","status":"publish","type":"page","link":"https:\/\/thewinefactory.fr\/index.php\/nos-produits\/","title":{"rendered":"NOS PRODUITS"},"content":{"rendered":"\t\t<div data-elementor-type=\"wp-post\" data-elementor-id=\"238\" class=\"elementor elementor-238\" data-elementor-settings=\"[]\">\n\t\t\t\t\t\t<div class=\"elementor-inner\">\n\t\t\t\t\t\t\t<div class=\"elementor-section-wrap\">\n\t\t\t\t\t\t\t<section class=\"elementor-section elementor-top-section elementor-element elementor-element-6d06a87 elementor-section-boxed elementor-section-height-default elementor-section-height-default\" data-id=\"6d06a87\" data-element_type=\"section\">\n\t\t\t\t\t\t<div class=\"elementor-container elementor-column-gap-default\">\n\t\t\t\t\t\t\t<div class=\"elementor-row\">\n\t\t\t\t\t<div class=\"elementor-column elementor-col-100 elementor-top-column elementor-element elementor-element-8d2e333\" data-id=\"8d2e333\" data-element_type=\"column\">\n\t\t\t<div class=\"elementor-column-wrap elementor-element-populated\">\n\t\t\t\t\t\t\t<div class=\"elementor-widget-wrap\">\n\t\t\t\t\t\t<div class=\"elementor-element elementor-element-7659b4d elementor-widget elementor-widget-text-editor\" data-id=\"7659b4d\" data-element_type=\"widget\" data-widget_type=\"text-editor.default\">\n\t\t\t\t<div class=\"elementor-widget-container\">\n\t\t\t\t\t<div class=\"elementor-text-editor elementor-clearfix\"><div><div data-elementor-setting-key=\"editor\" data-elementor-inline-editing-toolbar=\"advanced\"><p>La s\u00e9lection de produits mettant \u00e0 l\u2019honneur Authenticit\u00e9 et Terroir ont \u00e9t\u00e9 les ma\u00eetres mots de la recherche des bouteilles et des produits. Ce fil conducteur nous a men\u00e9 dans de nombreux chais\u00a0 et caveaux, fermes, fromagerie et brasserie, \u00e0 la rencontre de nombreux vignerons, artisans et producteurs afin de comprendre leur passion et leur engagement au quotidien. Nous avons ainsi pu s\u00e9lectionner des produits issus d\u2019un v\u00e9ritable savoir-faire et promouvoir les producteurs locaux.<\/p><\/div><\/div><div>\u00a0<\/div><div>\u00a0<\/div><\/div>\n\t\t\t\t<\/div>\n\t\t\t\t<\/div>\n\t\t\t\t\t\t<\/div>\n\t\t\t\t\t<\/div>\n\t\t<\/div>\n\t\t\t\t\t\t\t\t<\/div>\n\t\t\t\t\t<\/div>\n\t\t<\/section>\n\t\t\t\t\t\t<\/div>\n\t\t\t\t\t\t<\/div>\n\t\t\t\t\t<\/div>\n\t\t","protected":false},"excerpt":{"rendered":"<p>La s\u00e9lection de produits mettant \u00e0 l\u2019honneur Authenticit\u00e9 et Terroir ont \u00e9t\u00e9 les ma\u00eetres mots de la recherche des bouteilles et des produits. Ce fil conducteur nous a men\u00e9 dans de nombreux chais\u00a0 et caveaux, fermes, fromagerie et brasserie, \u00e0 la rencontre de nombreux vignerons, artisans et producteurs afin de comprendre leur passion et leur &hellip; <\/p>\n<p class=\"link-more\"><a href=\"https:\/\/thewinefactory.fr\/index.php\/nos-produits\/\" class=\"more-link\">Continue reading<span class=\"screen-reader-text\"> &#8220;NOS PRODUITS&#8221;<\/span><\/a><\/p>\n","protected":false},"author":1,"featured_media":0,"parent":0,"menu_order":0,"comment_status":"closed","ping_status":"closed","template":"","meta":{"footnotes":""},"_links":{"self":[{"href":"https:\/\/thewinefactory.fr\/index.php\/wp-json\/wp\/v2\/pages\/238"}],"collection":[{"href":"https:\/\/thewinefactory.fr\/index.php\/wp-json\/wp\/v2\/pages"}],"about":[{"href":"https:\/\/thewinefactory.fr\/index.php\/wp-json\/wp\/v2\/types\/page"}],"author":[{"embeddable":true,"href":"https:\/\/thewinefactory.fr\/index.php\/wp-json\/wp\/v2\/users\/1"}],"replies":[{"embeddable":true,"href":"https:\/\/thewinefactory.fr\/index.php\/wp-json\/wp\/v2\/comments?post=238"}],"version-history":[{"count":12,"href":"https:\/\/thewinefactory.fr\/index.php\/wp-json\/wp\/v2\/pages\/238\/revisions"}],"predecessor-version":[{"id":662,"href":"https:\/\/thewinefactory.fr\/index.php\/wp-json\/wp\/v2\/pages\/238\/revisions\/662"}],"wp:attachment":[{"href":"https:\/\/thewinefactory.fr\/index.php\/wp-json\/wp\/v2\/media?parent=238"}],"curies":[{"name":"wp","href":"https:\/\/api.w.org\/{rel}","templated":true}]}}