{"id":207,"date":"2018-08-11T20:44:48","date_gmt":"2018-08-11T18:44:48","guid":{"rendered":"http:\/\/thewinefactory.fr\/?page_id=207"},"modified":"2020-05-10T12:40:27","modified_gmt":"2020-05-10T10:40:27","slug":"nos-bieres-et-softs","status":"publish","type":"page","link":"https:\/\/thewinefactory.fr\/index.php\/nos-produits\/nos-bieres-et-softs\/","title":{"rendered":"BIERES"},"content":{"rendered":"\t\t<div data-elementor-type=\"wp-page\" data-elementor-id=\"207\" class=\"elementor elementor-207\" data-elementor-settings=\"[]\">\n\t\t\t\t\t\t<div class=\"elementor-inner\">\n\t\t\t\t\t\t\t<div class=\"elementor-section-wrap\">\n\t\t\t\t\t\t\t<section class=\"elementor-section elementor-top-section elementor-element elementor-element-577d941 elementor-section-boxed elementor-section-height-default elementor-section-height-default\" data-id=\"577d941\" data-element_type=\"section\">\n\t\t\t\t\t\t<div class=\"elementor-container elementor-column-gap-default\">\n\t\t\t\t\t\t\t<div class=\"elementor-row\">\n\t\t\t\t\t<div class=\"elementor-column elementor-col-100 elementor-top-column elementor-element elementor-element-c985f76\" data-id=\"c985f76\" data-element_type=\"column\">\n\t\t\t<div class=\"elementor-column-wrap elementor-element-populated\">\n\t\t\t\t\t\t\t<div class=\"elementor-widget-wrap\">\n\t\t\t\t\t\t<div class=\"elementor-element elementor-element-7a644ba elementor-widget elementor-widget-text-editor\" data-id=\"7a644ba\" data-element_type=\"widget\" data-widget_type=\"text-editor.default\">\n\t\t\t\t<div class=\"elementor-widget-container\">\n\t\t\t\t\t<div class=\"elementor-text-editor elementor-clearfix\"><p><strong><em>Marmotte Beer<\/em><\/strong><em>\u00a0est une micro brasserie artisanale situ\u00e9e au pied du Mont-Blanc \u00e0 Saint-Gervais qui propose une gamme de bi\u00e8res de haute fermentation, brass\u00e9es de fa\u00e7on traditionnelle, non filtr\u00e9es et suivi d\u2019 une seconde fermentation en bouteille.<\/em><\/p><\/div>\n\t\t\t\t<\/div>\n\t\t\t\t<\/div>\n\t\t\t\t\t\t<\/div>\n\t\t\t\t\t<\/div>\n\t\t<\/div>\n\t\t\t\t\t\t\t\t<\/div>\n\t\t\t\t\t<\/div>\n\t\t<\/section>\n\t\t\t\t<section class=\"elementor-section elementor-top-section elementor-element elementor-element-401a2e0 elementor-section-boxed elementor-section-height-default elementor-section-height-default\" data-id=\"401a2e0\" data-element_type=\"section\">\n\t\t\t\t\t\t<div class=\"elementor-container elementor-column-gap-default\">\n\t\t\t\t\t\t\t<div class=\"elementor-row\">\n\t\t\t\t\t<div class=\"elementor-column elementor-col-100 elementor-top-column elementor-element elementor-element-3a1fbdc\" data-id=\"3a1fbdc\" data-element_type=\"column\">\n\t\t\t<div class=\"elementor-column-wrap elementor-element-populated\">\n\t\t\t\t\t\t\t<div class=\"elementor-widget-wrap\">\n\t\t\t\t\t\t<section class=\"elementor-section elementor-inner-section elementor-element elementor-element-fbc3972 elementor-section-boxed elementor-section-height-default elementor-section-height-default\" data-id=\"fbc3972\" data-element_type=\"section\">\n\t\t\t\t\t\t<div class=\"elementor-container elementor-column-gap-default\">\n\t\t\t\t\t\t\t<div class=\"elementor-row\">\n\t\t\t\t\t<div class=\"elementor-column elementor-col-50 elementor-inner-column elementor-element elementor-element-e6a4d9a\" data-id=\"e6a4d9a\" data-element_type=\"column\">\n\t\t\t<div class=\"elementor-column-wrap elementor-element-populated\">\n\t\t\t\t\t\t\t<div class=\"elementor-widget-wrap\">\n\t\t\t\t\t\t<div class=\"elementor-element elementor-element-a6be1a6 elementor-widget elementor-widget-text-editor\" data-id=\"a6be1a6\" data-element_type=\"widget\" data-widget_type=\"text-editor.default\">\n\t\t\t\t<div class=\"elementor-widget-container\">\n\t\t\t\t\t<div class=\"elementor-text-editor elementor-clearfix\"><ul><li><strong><em>Pale Ale<\/em><\/strong><em>: un blonde l\u00e9g\u00e8re et subtile<\/em><\/li><li><strong><em>So Fresh\u00a0<\/em><\/strong><em>: issue de froment, une blanche rafraichissante<\/em><\/li><li><strong><em>Saison<\/em><\/strong><em>: une blonde ambr\u00e9e issue de l\u2019alliance du malt et du houblon<\/em><\/li><li style=\"text-align: left;\"><strong><em>Imp\u00e9rial IPA<\/em><\/strong><em>:\u00a0 une rousse, reine des houblons<\/em><\/li><\/ul><\/div>\n\t\t\t\t<\/div>\n\t\t\t\t<\/div>\n\t\t\t\t\t\t<\/div>\n\t\t\t\t\t<\/div>\n\t\t<\/div>\n\t\t\t\t<div class=\"elementor-column elementor-col-50 elementor-inner-column elementor-element elementor-element-90998e6\" data-id=\"90998e6\" data-element_type=\"column\">\n\t\t\t<div class=\"elementor-column-wrap elementor-element-populated\">\n\t\t\t\t\t\t\t<div class=\"elementor-widget-wrap\">\n\t\t\t\t\t\t<div class=\"elementor-element elementor-element-ba3fa5c elementor-widget elementor-widget-image\" data-id=\"ba3fa5c\" data-element_type=\"widget\" data-widget_type=\"image.default\">\n\t\t\t\t<div class=\"elementor-widget-container\">\n\t\t\t\t\t<div class=\"elementor-image\">\n\t\t\t\t\t\t\t\t\t\t<img loading=\"lazy\" decoding=\"async\" width=\"525\" height=\"348\" src=\"https:\/\/thewinefactory.fr\/wp-content\/uploads\/2018\/09\/Marmotte-Beer_The-Wine-Factory_Les-Houches.png\" class=\"attachment-large size-large\" alt=\"\" srcset=\"https:\/\/thewinefactory.fr\/wp-content\/uploads\/2018\/09\/Marmotte-Beer_The-Wine-Factory_Les-Houches.png 670w, https:\/\/thewinefactory.fr\/wp-content\/uploads\/2018\/09\/Marmotte-Beer_The-Wine-Factory_Les-Houches-300x199.png 300w\" sizes=\"100vw\" \/>\t\t\t\t\t\t\t\t\t\t\t<\/div>\n\t\t\t\t<\/div>\n\t\t\t\t<\/div>\n\t\t\t\t\t\t<\/div>\n\t\t\t\t\t<\/div>\n\t\t<\/div>\n\t\t\t\t\t\t\t\t<\/div>\n\t\t\t\t\t<\/div>\n\t\t<\/section>\n\t\t\t\t\t\t<\/div>\n\t\t\t\t\t<\/div>\n\t\t<\/div>\n\t\t\t\t\t\t\t\t<\/div>\n\t\t\t\t\t<\/div>\n\t\t<\/section>\n\t\t\t\t<section class=\"elementor-section elementor-top-section elementor-element elementor-element-15e7837 elementor-section-boxed elementor-section-height-default elementor-section-height-default\" data-id=\"15e7837\" data-element_type=\"section\">\n\t\t\t\t\t\t<div class=\"elementor-container elementor-column-gap-default\">\n\t\t\t\t\t\t\t<div class=\"elementor-row\">\n\t\t\t\t\t<div class=\"elementor-column elementor-col-100 elementor-top-column elementor-element elementor-element-7df9fd4\" data-id=\"7df9fd4\" data-element_type=\"column\">\n\t\t\t<div class=\"elementor-column-wrap elementor-element-populated\">\n\t\t\t\t\t\t\t<div class=\"elementor-widget-wrap\">\n\t\t\t\t\t\t<div class=\"elementor-element elementor-element-ab51c45 elementor-widget elementor-widget-text-editor\" data-id=\"ab51c45\" data-element_type=\"widget\" data-widget_type=\"text-editor.default\">\n\t\t\t\t<div class=\"elementor-widget-container\">\n\t\t\t\t\t<div class=\"elementor-text-editor elementor-clearfix\"><p><em>Vous pourrez \u00e9galement savourer une V\u00e9zelay Sans Gluten, et une s\u00e9lection de bi\u00e8re belge.<\/em><\/p><\/div>\n\t\t\t\t<\/div>\n\t\t\t\t<\/div>\n\t\t\t\t\t\t<\/div>\n\t\t\t\t\t<\/div>\n\t\t<\/div>\n\t\t\t\t\t\t\t\t<\/div>\n\t\t\t\t\t<\/div>\n\t\t<\/section>\n\t\t\t\t\t\t<\/div>\n\t\t\t\t\t\t<\/div>\n\t\t\t\t\t<\/div>\n\t\t","protected":false},"excerpt":{"rendered":"<p>Marmotte Beer\u00a0est une micro brasserie artisanale situ\u00e9e au pied du Mont-Blanc \u00e0 Saint-Gervais qui propose une gamme de bi\u00e8res de haute fermentation, brass\u00e9es de fa\u00e7on traditionnelle, non filtr\u00e9es et suivi d\u2019 une seconde fermentation en bouteille. Pale Ale: un blonde l\u00e9g\u00e8re et subtile So Fresh\u00a0: issue de froment, une blanche rafraichissante Saison: une blonde ambr\u00e9e &hellip; <\/p>\n<p class=\"link-more\"><a href=\"https:\/\/thewinefactory.fr\/index.php\/nos-produits\/nos-bieres-et-softs\/\" class=\"more-link\">Continue reading<span class=\"screen-reader-text\"> &#8220;BIERES&#8221;<\/span><\/a><\/p>\n","protected":false},"author":1,"featured_media":0,"parent":238,"menu_order":2,"comment_status":"closed","ping_status":"closed","template":"","meta":{"footnotes":""},"_links":{"self":[{"href":"https:\/\/thewinefactory.fr\/index.php\/wp-json\/wp\/v2\/pages\/207"}],"collection":[{"href":"https:\/\/thewinefactory.fr\/index.php\/wp-json\/wp\/v2\/pages"}],"about":[{"href":"https:\/\/thewinefactory.fr\/index.php\/wp-json\/wp\/v2\/types\/page"}],"author":[{"embeddable":true,"href":"https:\/\/thewinefactory.fr\/index.php\/wp-json\/wp\/v2\/users\/1"}],"replies":[{"embeddable":true,"href":"https:\/\/thewinefactory.fr\/index.php\/wp-json\/wp\/v2\/comments?post=207"}],"version-history":[{"count":11,"href":"https:\/\/thewinefactory.fr\/index.php\/wp-json\/wp\/v2\/pages\/207\/revisions"}],"predecessor-version":[{"id":654,"href":"https:\/\/thewinefactory.fr\/index.php\/wp-json\/wp\/v2\/pages\/207\/revisions\/654"}],"up":[{"embeddable":true,"href":"https:\/\/thewinefactory.fr\/index.php\/wp-json\/wp\/v2\/pages\/238"}],"wp:attachment":[{"href":"https:\/\/thewinefactory.fr\/index.php\/wp-json\/wp\/v2\/media?parent=207"}],"curies":[{"name":"wp","href":"https:\/\/api.w.org\/{rel}","templated":true}]}}