{"id":127,"date":"2018-08-08T20:04:58","date_gmt":"2018-08-08T18:04:58","guid":{"rendered":"http:\/\/thewinefactory.fr\/?page_id=127"},"modified":"2024-08-23T17:59:18","modified_gmt":"2024-08-23T15:59:18","slug":"notre-table-2","status":"publish","type":"page","link":"https:\/\/thewinefactory.fr\/index.php\/nos-produits\/notre-table-2\/","title":{"rendered":"CUISINE GOURMANDE"},"content":{"rendered":"\t\t<div data-elementor-type=\"wp-post\" data-elementor-id=\"127\" class=\"elementor elementor-127\" data-elementor-settings=\"[]\">\n\t\t\t\t\t\t<div class=\"elementor-inner\">\n\t\t\t\t\t\t\t<div class=\"elementor-section-wrap\">\n\t\t\t\t\t\t\t<section class=\"elementor-section elementor-top-section elementor-element elementor-element-a2c5561 elementor-section-boxed elementor-section-height-default elementor-section-height-default\" data-id=\"a2c5561\" data-element_type=\"section\">\n\t\t\t\t\t\t<div class=\"elementor-container elementor-column-gap-default\">\n\t\t\t\t\t\t\t<div class=\"elementor-row\">\n\t\t\t\t\t<div class=\"elementor-column elementor-col-100 elementor-top-column elementor-element elementor-element-6c46bf73\" data-id=\"6c46bf73\" data-element_type=\"column\">\n\t\t\t<div class=\"elementor-column-wrap elementor-element-populated\">\n\t\t\t\t\t\t\t<div class=\"elementor-widget-wrap\">\n\t\t\t\t\t\t<div class=\"elementor-element elementor-element-7f9f5ec elementor-widget elementor-widget-text-editor\" data-id=\"7f9f5ec\" data-element_type=\"widget\" data-widget_type=\"text-editor.default\">\n\t\t\t\t<div class=\"elementor-widget-container\">\n\t\t\t\t\t<div class=\"elementor-text-editor elementor-clearfix\"><p>Pour accompagner vos d\u00e9gustations, Valentine vous pr\u00e9parera des plats cuisin\u00e9s sur place \u00e0 partir des meilleurs produits r\u00e9gionaux.<\/p><p>Des soupes maison dont la fameuse soupe de poids cass\u00e9s, des salades gourmandes, viennent compl\u00e9ter une s\u00e9lection de charcuterie Savoyarde ou Valdotaine ainsi que des ardoises de d\u00e9gustation de fromage.\u00a0<\/p><p>\u00a0<\/p><\/div>\n\t\t\t\t<\/div>\n\t\t\t\t<\/div>\n\t\t\t\t\t\t<\/div>\n\t\t\t\t\t<\/div>\n\t\t<\/div>\n\t\t\t\t\t\t\t\t<\/div>\n\t\t\t\t\t<\/div>\n\t\t<\/section>\n\t\t\t\t<section class=\"elementor-section elementor-top-section elementor-element elementor-element-a5ab38e elementor-section-boxed elementor-section-height-default elementor-section-height-default\" data-id=\"a5ab38e\" data-element_type=\"section\">\n\t\t\t\t\t\t<div class=\"elementor-container elementor-column-gap-default\">\n\t\t\t\t\t\t\t<div class=\"elementor-row\">\n\t\t\t\t\t<div class=\"elementor-column elementor-col-100 elementor-top-column elementor-element elementor-element-e7bc6b1\" data-id=\"e7bc6b1\" data-element_type=\"column\">\n\t\t\t<div class=\"elementor-column-wrap elementor-element-populated\">\n\t\t\t\t\t\t\t<div class=\"elementor-widget-wrap\">\n\t\t\t\t\t\t<div class=\"elementor-element elementor-element-e4f9434 elementor-widget elementor-widget-text-editor\" data-id=\"e4f9434\" data-element_type=\"widget\" data-widget_type=\"text-editor.default\">\n\t\t\t\t<div class=\"elementor-widget-container\">\n\t\t\t\t\t<div class=\"elementor-text-editor elementor-clearfix\"><h3><strong>Une s\u00e9lection de nos entr\u00e9es et plats<\/strong><\/h3><\/div>\n\t\t\t\t<\/div>\n\t\t\t\t<\/div>\n\t\t\t\t\t\t<\/div>\n\t\t\t\t\t<\/div>\n\t\t<\/div>\n\t\t\t\t\t\t\t\t<\/div>\n\t\t\t\t\t<\/div>\n\t\t<\/section>\n\t\t\t\t<section class=\"elementor-section elementor-top-section elementor-element elementor-element-29fa0c6 elementor-section-boxed elementor-section-height-default elementor-section-height-default\" data-id=\"29fa0c6\" data-element_type=\"section\">\n\t\t\t\t\t\t<div class=\"elementor-container elementor-column-gap-default\">\n\t\t\t\t\t\t\t<div class=\"elementor-row\">\n\t\t\t\t\t<div class=\"elementor-column elementor-col-100 elementor-top-column elementor-element elementor-element-f9ddda2\" data-id=\"f9ddda2\" data-element_type=\"column\">\n\t\t\t<div class=\"elementor-column-wrap elementor-element-populated\">\n\t\t\t\t\t\t\t<div class=\"elementor-widget-wrap\">\n\t\t\t\t\t\t<div class=\"elementor-element elementor-element-295c75f elementor-widget elementor-widget-text-editor\" data-id=\"295c75f\" data-element_type=\"widget\" data-widget_type=\"text-editor.default\">\n\t\t\t\t<div class=\"elementor-widget-container\">\n\t\t\t\t\t<div class=\"elementor-text-editor elementor-clearfix\"><p style=\"text-align: center;\"><strong>So<\/strong><b>upe<\/b><strong> de pois cass\u00e9\u00a0<\/strong> \u00a0&#8211;\u00a0 <em>Chips de Bacon et Croutons<\/em><\/p><p style=\"text-align: center;\"><em>\u00a0 <\/em>10,00 \u20ac<\/p><p style=\"text-align: center;\"><b style=\"font-size: 1rem;\">Ceviche de Lotte Yucath\u00e8que<\/b><span style=\"font-size: 1rem;\"> &#8211; <\/span><em style=\"font-size: 1rem;\">Salade croquante, Eminc\u00e9 de Lotte Marin\u00e9e, D\u00e9 de courgette, f\u00e8ve, mangue, grenade, huile d&#8217;olive, jus de citron<\/em><\/p><p style=\"text-align: center;\"><em>\u00a0<\/em>\u00a017,00 \u20ac<\/p><p style=\"text-align: center;\"><strong style=\"font-size: 1rem;\">Salade de Canard \u00e0 la Tha\u00efe <\/strong><span style=\"font-size: 1rem;\">&#8211; Salade croquante, filet de poulet \u00e9minc\u00e9, poitrine fum\u00e9e, copeaux de parmesan, croutons, sauce cr\u00e8me\u00a0<\/span><\/p><p style=\"text-align: center;\">18,00 \u20ac<\/p><p style=\"text-align: center;\"><strong>Pastilla de Canard Confit aux Epices <\/strong>&#8211; Emiett\u00e9 de canard confits et d\u00e9s de l\u00e9gumes en pastilla , petits l\u00e9gumes brais\u00e9s<\/p><p style=\"text-align: center;\">24,00 \u20ac<\/p><p style=\"text-align: center;\"><strong>Effeuill\u00e9 de Saumon fa\u00e7on Dhal\u00a0<\/strong>&#8211; Lentilles Corail mijot\u00e9es lait de coco et curry l\u00e9ger<\/p><p style=\"text-align: center;\">21,00 \u20ac<\/p><p style=\"text-align: center;\"><strong>Mirabelles Po\u00eall\u00e9es au Sirop d&#8217;Erable <\/strong>&#8211; Epices douces et glace vanille<\/p><p style=\"text-align: center;\">8,00 \u20ac<\/p><p style=\"text-align: center;\"><strong>Cr\u00e9meux de Chia D\u00e9s de mangue <\/strong>&#8211; Compot\u00e9e Framboise, graines de courge, miel<\/p><p style=\"text-align: center;\">7,00 \u20ac<\/p><\/div>\n\t\t\t\t<\/div>\n\t\t\t\t<\/div>\n\t\t\t\t\t\t<\/div>\n\t\t\t\t\t<\/div>\n\t\t<\/div>\n\t\t\t\t\t\t\t\t<\/div>\n\t\t\t\t\t<\/div>\n\t\t<\/section>\n\t\t\t\t<section class=\"elementor-section elementor-top-section elementor-element elementor-element-3e10e27 elementor-section-boxed elementor-section-height-default elementor-section-height-default\" data-id=\"3e10e27\" data-element_type=\"section\">\n\t\t\t\t\t\t<div class=\"elementor-container elementor-column-gap-default\">\n\t\t\t\t\t\t\t<div class=\"elementor-row\">\n\t\t\t\t\t<div class=\"elementor-column elementor-col-100 elementor-top-column elementor-element elementor-element-d394b24\" data-id=\"d394b24\" data-element_type=\"column\">\n\t\t\t<div class=\"elementor-column-wrap elementor-element-populated\">\n\t\t\t\t\t\t\t<div class=\"elementor-widget-wrap\">\n\t\t\t\t\t\t<div class=\"elementor-element elementor-element-21fe119 elementor-widget elementor-widget-text-editor\" data-id=\"21fe119\" data-element_type=\"widget\" data-widget_type=\"text-editor.default\">\n\t\t\t\t<div class=\"elementor-widget-container\">\n\t\t\t\t\t<div class=\"elementor-text-editor elementor-clearfix\"><h4 style=\"text-align: center;\">A partager<\/h4><\/div>\n\t\t\t\t<\/div>\n\t\t\t\t<\/div>\n\t\t\t\t\t\t<\/div>\n\t\t\t\t\t<\/div>\n\t\t<\/div>\n\t\t\t\t\t\t\t\t<\/div>\n\t\t\t\t\t<\/div>\n\t\t<\/section>\n\t\t\t\t<section class=\"elementor-section elementor-top-section elementor-element elementor-element-7f3d431 elementor-section-boxed elementor-section-height-default elementor-section-height-default\" data-id=\"7f3d431\" data-element_type=\"section\">\n\t\t\t\t\t\t<div class=\"elementor-container elementor-column-gap-default\">\n\t\t\t\t\t\t\t<div class=\"elementor-row\">\n\t\t\t\t\t<div class=\"elementor-column elementor-col-100 elementor-top-column elementor-element elementor-element-475e843\" data-id=\"475e843\" data-element_type=\"column\">\n\t\t\t<div class=\"elementor-column-wrap elementor-element-populated\">\n\t\t\t\t\t\t\t<div class=\"elementor-widget-wrap\">\n\t\t\t\t\t\t<div class=\"elementor-element elementor-element-d4bd29d elementor-widget elementor-widget-text-editor\" data-id=\"d4bd29d\" data-element_type=\"widget\" data-widget_type=\"text-editor.default\">\n\t\t\t\t<div class=\"elementor-widget-container\">\n\t\t\t\t\t<div class=\"elementor-text-editor elementor-clearfix\"><p style=\"text-align: center;\"><strong>Ardoise La Vall\u00e9e<\/strong> &#8211; Jambon cru de Savoie, Saucisson de Savoie au noisettes, Filet Mignon de porc s\u00e9ch\u00e9, saucisson fum\u00e9e de Magland\u00a0<\/p><p style=\"text-align: center;\">13,50 \/ 24,00 \u20ac<\/p><p style=\"text-align: center;\"><b>Ardoise Les Aravis<\/b> &#8211;<b>\u00a0<\/b>Reblochon des Aravis, Abondance, Tomme de Savoie, Bleu de Bonneville sur Arc<\/p><p style=\"text-align: center;\">\u00a0 13,50 \/ 24,00 \u20ac<\/p><p style=\"text-align: center;\"><b>P\u00e2t\u00e9 Basque au Piment d&#8217;Espelette<\/b> &#8211; Maison Orocbat, Euzkadi<\/p><p style=\"text-align: center;\">11,00 \u20ac<\/p><\/div>\n\t\t\t\t<\/div>\n\t\t\t\t<\/div>\n\t\t\t\t\t\t<\/div>\n\t\t\t\t\t<\/div>\n\t\t<\/div>\n\t\t\t\t\t\t\t\t<\/div>\n\t\t\t\t\t<\/div>\n\t\t<\/section>\n\t\t\t\t<section class=\"elementor-section elementor-top-section elementor-element elementor-element-f67133b elementor-section-boxed elementor-section-height-default elementor-section-height-default\" data-id=\"f67133b\" data-element_type=\"section\">\n\t\t\t\t\t\t<div class=\"elementor-container elementor-column-gap-default\">\n\t\t\t\t\t\t\t<div class=\"elementor-row\">\n\t\t\t\t\t<div class=\"elementor-column elementor-col-25 elementor-top-column elementor-element elementor-element-ac311db\" data-id=\"ac311db\" data-element_type=\"column\">\n\t\t\t<div class=\"elementor-column-wrap elementor-element-populated\">\n\t\t\t\t\t\t\t<div class=\"elementor-widget-wrap\">\n\t\t\t\t\t\t<div class=\"elementor-element elementor-element-ee9a8e6 elementor-widget elementor-widget-image\" data-id=\"ee9a8e6\" data-element_type=\"widget\" data-widget_type=\"image.default\">\n\t\t\t\t<div class=\"elementor-widget-container\">\n\t\t\t\t\t<div class=\"elementor-image\">\n\t\t\t\t\t\t\t\t\t\t<img loading=\"lazy\" decoding=\"async\" width=\"150\" height=\"150\" src=\"https:\/\/thewinefactory.fr\/wp-content\/uploads\/2018\/12\/Cuisine-Gourmande-The-Wine-Factory-3-150x150.jpeg\" class=\"attachment-thumbnail size-thumbnail\" alt=\"\" srcset=\"https:\/\/thewinefactory.fr\/wp-content\/uploads\/2018\/12\/Cuisine-Gourmande-The-Wine-Factory-3-150x150.jpeg 150w, https:\/\/thewinefactory.fr\/wp-content\/uploads\/2018\/12\/Cuisine-Gourmande-The-Wine-Factory-3-100x100.jpeg 100w\" sizes=\"100vw\" \/>\t\t\t\t\t\t\t\t\t\t\t<\/div>\n\t\t\t\t<\/div>\n\t\t\t\t<\/div>\n\t\t\t\t\t\t<\/div>\n\t\t\t\t\t<\/div>\n\t\t<\/div>\n\t\t\t\t<div class=\"elementor-column elementor-col-25 elementor-top-column elementor-element elementor-element-7331050\" data-id=\"7331050\" data-element_type=\"column\">\n\t\t\t<div class=\"elementor-column-wrap elementor-element-populated\">\n\t\t\t\t\t\t\t<div class=\"elementor-widget-wrap\">\n\t\t\t\t\t\t<div class=\"elementor-element elementor-element-767e05c elementor-widget elementor-widget-image\" data-id=\"767e05c\" data-element_type=\"widget\" data-widget_type=\"image.default\">\n\t\t\t\t<div class=\"elementor-widget-container\">\n\t\t\t\t\t<div class=\"elementor-image\">\n\t\t\t\t\t\t\t\t\t\t<img loading=\"lazy\" decoding=\"async\" width=\"150\" height=\"150\" src=\"https:\/\/thewinefactory.fr\/wp-content\/uploads\/2024\/02\/Pokebowl-150x150.jpg\" class=\"attachment-thumbnail size-thumbnail\" alt=\"\" srcset=\"https:\/\/thewinefactory.fr\/wp-content\/uploads\/2024\/02\/Pokebowl-150x150.jpg 150w, https:\/\/thewinefactory.fr\/wp-content\/uploads\/2024\/02\/Pokebowl-100x100.jpg 100w\" sizes=\"100vw\" \/>\t\t\t\t\t\t\t\t\t\t\t<\/div>\n\t\t\t\t<\/div>\n\t\t\t\t<\/div>\n\t\t\t\t\t\t<\/div>\n\t\t\t\t\t<\/div>\n\t\t<\/div>\n\t\t\t\t<div class=\"elementor-column elementor-col-25 elementor-top-column elementor-element elementor-element-5363a2d\" data-id=\"5363a2d\" data-element_type=\"column\">\n\t\t\t<div class=\"elementor-column-wrap elementor-element-populated\">\n\t\t\t\t\t\t\t<div class=\"elementor-widget-wrap\">\n\t\t\t\t\t\t<div class=\"elementor-element elementor-element-e1268f1 elementor-widget elementor-widget-image\" data-id=\"e1268f1\" data-element_type=\"widget\" data-widget_type=\"image.default\">\n\t\t\t\t<div class=\"elementor-widget-container\">\n\t\t\t\t\t<div class=\"elementor-image\">\n\t\t\t\t\t\t\t\t\t\t<img loading=\"lazy\" decoding=\"async\" width=\"150\" height=\"150\" src=\"https:\/\/thewinefactory.fr\/wp-content\/uploads\/2024\/02\/Joues-de-Porc-150x150.jpg\" class=\"attachment-thumbnail size-thumbnail\" alt=\"\" srcset=\"https:\/\/thewinefactory.fr\/wp-content\/uploads\/2024\/02\/Joues-de-Porc-150x150.jpg 150w, https:\/\/thewinefactory.fr\/wp-content\/uploads\/2024\/02\/Joues-de-Porc-100x100.jpg 100w\" sizes=\"100vw\" \/>\t\t\t\t\t\t\t\t\t\t\t<\/div>\n\t\t\t\t<\/div>\n\t\t\t\t<\/div>\n\t\t\t\t\t\t<\/div>\n\t\t\t\t\t<\/div>\n\t\t<\/div>\n\t\t\t\t<div class=\"elementor-column elementor-col-25 elementor-top-column elementor-element elementor-element-0c8398e\" data-id=\"0c8398e\" data-element_type=\"column\">\n\t\t\t<div class=\"elementor-column-wrap elementor-element-populated\">\n\t\t\t\t\t\t\t<div class=\"elementor-widget-wrap\">\n\t\t\t\t\t\t<div class=\"elementor-element elementor-element-a7a4fed elementor-widget elementor-widget-image\" data-id=\"a7a4fed\" data-element_type=\"widget\" data-widget_type=\"image.default\">\n\t\t\t\t<div class=\"elementor-widget-container\">\n\t\t\t\t\t<div class=\"elementor-image\">\n\t\t\t\t\t\t\t\t\t\t<img loading=\"lazy\" decoding=\"async\" width=\"150\" height=\"150\" src=\"https:\/\/thewinefactory.fr\/wp-content\/uploads\/2024\/02\/Cremeux-de-chia-150x150.jpg\" class=\"attachment-thumbnail size-thumbnail\" alt=\"\" srcset=\"https:\/\/thewinefactory.fr\/wp-content\/uploads\/2024\/02\/Cremeux-de-chia-150x150.jpg 150w, https:\/\/thewinefactory.fr\/wp-content\/uploads\/2024\/02\/Cremeux-de-chia-100x100.jpg 100w\" sizes=\"100vw\" \/>\t\t\t\t\t\t\t\t\t\t\t<\/div>\n\t\t\t\t<\/div>\n\t\t\t\t<\/div>\n\t\t\t\t\t\t<\/div>\n\t\t\t\t\t<\/div>\n\t\t<\/div>\n\t\t\t\t\t\t\t\t<\/div>\n\t\t\t\t\t<\/div>\n\t\t<\/section>\n\t\t\t\t\t\t<\/div>\n\t\t\t\t\t\t<\/div>\n\t\t\t\t\t<\/div>\n\t\t","protected":false},"excerpt":{"rendered":"<p>Pour accompagner vos d\u00e9gustations, Valentine vous pr\u00e9parera des plats cuisin\u00e9s sur place \u00e0 partir des meilleurs produits r\u00e9gionaux. Des soupes maison dont la fameuse soupe de poids cass\u00e9s, des salades gourmandes, viennent compl\u00e9ter une s\u00e9lection de charcuterie Savoyarde ou Valdotaine ainsi que des ardoises de d\u00e9gustation de fromage.\u00a0 \u00a0 Une s\u00e9lection de nos entr\u00e9es et &hellip; <\/p>\n<p class=\"link-more\"><a href=\"https:\/\/thewinefactory.fr\/index.php\/nos-produits\/notre-table-2\/\" class=\"more-link\">Continue reading<span class=\"screen-reader-text\"> &#8220;CUISINE GOURMANDE&#8221;<\/span><\/a><\/p>\n","protected":false},"author":1,"featured_media":399,"parent":238,"menu_order":3,"comment_status":"closed","ping_status":"closed","template":"","meta":{"footnotes":""},"_links":{"self":[{"href":"https:\/\/thewinefactory.fr\/index.php\/wp-json\/wp\/v2\/pages\/127"}],"collection":[{"href":"https:\/\/thewinefactory.fr\/index.php\/wp-json\/wp\/v2\/pages"}],"about":[{"href":"https:\/\/thewinefactory.fr\/index.php\/wp-json\/wp\/v2\/types\/page"}],"author":[{"embeddable":true,"href":"https:\/\/thewinefactory.fr\/index.php\/wp-json\/wp\/v2\/users\/1"}],"replies":[{"embeddable":true,"href":"https:\/\/thewinefactory.fr\/index.php\/wp-json\/wp\/v2\/comments?post=127"}],"version-history":[{"count":32,"href":"https:\/\/thewinefactory.fr\/index.php\/wp-json\/wp\/v2\/pages\/127\/revisions"}],"predecessor-version":[{"id":878,"href":"https:\/\/thewinefactory.fr\/index.php\/wp-json\/wp\/v2\/pages\/127\/revisions\/878"}],"up":[{"embeddable":true,"href":"https:\/\/thewinefactory.fr\/index.php\/wp-json\/wp\/v2\/pages\/238"}],"wp:featuredmedia":[{"embeddable":true,"href":"https:\/\/thewinefactory.fr\/index.php\/wp-json\/wp\/v2\/media\/399"}],"wp:attachment":[{"href":"https:\/\/thewinefactory.fr\/index.php\/wp-json\/wp\/v2\/media?parent=127"}],"curies":[{"name":"wp","href":"https:\/\/api.w.org\/{rel}","templated":true}]}}