{"id":112,"date":"2018-08-08T18:12:57","date_gmt":"2018-08-08T16:12:57","guid":{"rendered":"http:\/\/thewinefactory.fr\/?page_id=112"},"modified":"2020-05-10T13:02:12","modified_gmt":"2020-05-10T11:02:12","slug":"nos-vins-homepage-section","status":"publish","type":"page","link":"https:\/\/thewinefactory.fr\/index.php\/nos-produits\/nos-vins-homepage-section\/","title":{"rendered":"SELECTION DE VINS"},"content":{"rendered":"\t\t<div data-elementor-type=\"wp-post\" data-elementor-id=\"112\" class=\"elementor elementor-112\" data-elementor-settings=\"[]\">\n\t\t\t\t\t\t<div class=\"elementor-inner\">\n\t\t\t\t\t\t\t<div class=\"elementor-section-wrap\">\n\t\t\t\t\t\t\t<section class=\"elementor-section elementor-top-section elementor-element elementor-element-3ee9de8c elementor-section-boxed elementor-section-height-default elementor-section-height-default\" data-id=\"3ee9de8c\" data-element_type=\"section\">\n\t\t\t\t\t\t<div class=\"elementor-container elementor-column-gap-default\">\n\t\t\t\t\t\t\t<div class=\"elementor-row\">\n\t\t\t\t\t<div class=\"elementor-column elementor-col-100 elementor-top-column elementor-element elementor-element-79d1a813\" data-id=\"79d1a813\" data-element_type=\"column\">\n\t\t\t<div class=\"elementor-column-wrap elementor-element-populated\">\n\t\t\t\t\t\t\t<div class=\"elementor-widget-wrap\">\n\t\t\t\t\t\t<div class=\"elementor-element elementor-element-2c59f281 elementor-widget elementor-widget-text-editor\" data-id=\"2c59f281\" data-element_type=\"widget\" data-widget_type=\"text-editor.default\">\n\t\t\t\t<div class=\"elementor-widget-container\">\n\t\t\t\t\t<div class=\"elementor-text-editor elementor-clearfix\"><p>La s\u00e9lection m\u00e9ticuleuse des vins a souvent commenc\u00e9 par une rencontre avec un vigneron. Au cours des \u00e9changes ils ont prouv\u00e9 leur engagement et leur \u00a0\u00a0\u00a0\u00a0 volont\u00e9, \u00e0 la vigne comme au chais, d\u2019\u00e9laborer des vins embl\u00e9matiques de leur terroir.J\u2019aime leur approche souvent novatrice qui refuse l&#8217;uniformit\u00e9 du go\u00fbt, prend en compte les probl\u00e9matiques environnementales et suscitent de nombreuses conversion en Bio, puis vers la Biodynamie.<\/p><p>Les vins choisis offrent une large palette de go\u00fbt, et mettent \u00e0 l\u2019honneur des vins embl\u00e9matiques de leur AOC ou au contraire orient\u00e9s sur une approche qui bouscule les codes . Ces vins cr\u00e9ent la diff\u00e9rence, r\u00e9v\u00e8lent des petites p\u00e9pites et sont des d\u00e9couvertes id\u00e9ales pour sortir des sentiers battus.<img loading=\"lazy\" decoding=\"async\" class=\"size-medium wp-image-415 alignright\" src=\"https:\/\/thewinefactory.fr\/wp-content\/uploads\/2018\/12\/Cuisine-Gourmande-The-Wine-Factory-3-300x200.jpeg\" alt=\"\" width=\"300\" height=\"200\" srcset=\"https:\/\/thewinefactory.fr\/wp-content\/uploads\/2018\/12\/Cuisine-Gourmande-The-Wine-Factory-3-300x200.jpeg 300w, https:\/\/thewinefactory.fr\/wp-content\/uploads\/2018\/12\/Cuisine-Gourmande-The-Wine-Factory-3-768x511.jpeg 768w, https:\/\/thewinefactory.fr\/wp-content\/uploads\/2018\/12\/Cuisine-Gourmande-The-Wine-Factory-3-1024x681.jpeg 1024w, https:\/\/thewinefactory.fr\/wp-content\/uploads\/2018\/12\/Cuisine-Gourmande-The-Wine-Factory-3.jpeg 1834w\" sizes=\"(max-width: 300px) 100vw, 300px\" \/><\/p><p>Une s\u00e9lection minutieuse de vins et de domaines de la r\u00e9gion Savoie et Bugey, r\u00e9v\u00e8le la superbe \u00e9volution de cette r\u00e9gion viticole peu connue, faisant la part belle \u00e0 la vinification en monoc\u00e9page. L&#8217;approche r\u00e9gionale est compl\u00e9t\u00e9e gr\u00e2ce \u00e0 la proximit\u00e9 de nos voisins transalpins pour une (re)d\u00e9couverte de quelques r\u00e9f\u00e9rences italiennes.\u00a0 <\/p><p>Et pourquoi ne pas vous laisser s\u00e9duire par le Trio de D\u00e9gustation en blanc ou en rouge qui vous permettra de d\u00e9couvrir dans chaque couleur 3 vins issus de r\u00e9gions, de terroirs et de c\u00e9pages diff\u00e9rents. Une invitation \u00e0 la comparaison <em>!\u2026<\/em><\/p><\/div>\n\t\t\t\t<\/div>\n\t\t\t\t<\/div>\n\t\t\t\t\t\t<\/div>\n\t\t\t\t\t<\/div>\n\t\t<\/div>\n\t\t\t\t\t\t\t\t<\/div>\n\t\t\t\t\t<\/div>\n\t\t<\/section>\n\t\t\t\t\t\t<\/div>\n\t\t\t\t\t\t<\/div>\n\t\t\t\t\t<\/div>\n\t\t","protected":false},"excerpt":{"rendered":"<p>La s\u00e9lection m\u00e9ticuleuse des vins a souvent commenc\u00e9 par une rencontre avec un vigneron. Au cours des \u00e9changes ils ont prouv\u00e9 leur engagement et leur \u00a0\u00a0\u00a0\u00a0 volont\u00e9, \u00e0 la vigne comme au chais, d\u2019\u00e9laborer des vins embl\u00e9matiques de leur terroir.J\u2019aime leur approche souvent novatrice qui refuse l&#8217;uniformit\u00e9 du go\u00fbt, prend en compte les probl\u00e9matiques environnementales &hellip; <\/p>\n<p class=\"link-more\"><a href=\"https:\/\/thewinefactory.fr\/index.php\/nos-produits\/nos-vins-homepage-section\/\" class=\"more-link\">Continue reading<span class=\"screen-reader-text\"> &#8220;SELECTION DE VINS&#8221;<\/span><\/a><\/p>\n","protected":false},"author":1,"featured_media":35,"parent":238,"menu_order":1,"comment_status":"closed","ping_status":"closed","template":"","meta":{"footnotes":""},"_links":{"self":[{"href":"https:\/\/thewinefactory.fr\/index.php\/wp-json\/wp\/v2\/pages\/112"}],"collection":[{"href":"https:\/\/thewinefactory.fr\/index.php\/wp-json\/wp\/v2\/pages"}],"about":[{"href":"https:\/\/thewinefactory.fr\/index.php\/wp-json\/wp\/v2\/types\/page"}],"author":[{"embeddable":true,"href":"https:\/\/thewinefactory.fr\/index.php\/wp-json\/wp\/v2\/users\/1"}],"replies":[{"embeddable":true,"href":"https:\/\/thewinefactory.fr\/index.php\/wp-json\/wp\/v2\/comments?post=112"}],"version-history":[{"count":36,"href":"https:\/\/thewinefactory.fr\/index.php\/wp-json\/wp\/v2\/pages\/112\/revisions"}],"predecessor-version":[{"id":666,"href":"https:\/\/thewinefactory.fr\/index.php\/wp-json\/wp\/v2\/pages\/112\/revisions\/666"}],"up":[{"embeddable":true,"href":"https:\/\/thewinefactory.fr\/index.php\/wp-json\/wp\/v2\/pages\/238"}],"wp:featuredmedia":[{"embeddable":true,"href":"https:\/\/thewinefactory.fr\/index.php\/wp-json\/wp\/v2\/media\/35"}],"wp:attachment":[{"href":"https:\/\/thewinefactory.fr\/index.php\/wp-json\/wp\/v2\/media?parent=112"}],"curies":[{"name":"wp","href":"https:\/\/api.w.org\/{rel}","templated":true}]}}